{"id":376,"date":"2024-08-13T10:30:27","date_gmt":"2024-08-13T10:30:27","guid":{"rendered":"https:\/\/libreriamardenubes.com\/?post_type=product&#038;p=376"},"modified":"2024-08-13T10:30:27","modified_gmt":"2024-08-13T10:30:27","slug":"plumier-3-pisos-milan","status":"publish","type":"product","link":"https:\/\/libreriamardenubes.com\/en\/product\/plumier-3-pisos-milan\/","title":{"rendered":"Plumier 3 pisos Milan"},"content":{"rendered":"<p><audio class=\"audio-for-speech\"><\/audio><\/p>\n<div class=\"translate-tooltip-mtz translator-hidden\">\n<div class=\"header\">\n<div class=\"header-controls\">Translator<\/div>\n<div class=\"header-controls\"><\/div>\n<div class=\"header-controls\"><\/div>\n<\/div>\n<div class=\"translated-text\">\n<div class=\"words\"><\/div>\n<div class=\"sentences\"><\/div>\n<\/div>\n<\/div>\n<p>&nbsp;<\/p>\n<div id=\"textoSinopsisLibro\" class=\"non-expanded\">Plumier de 3 pisos que permite mantener el material escolar siempre ordenado y de f\u00e1cil acceso. Serie Sunset, color rosa. Una combinaci\u00f3n de colores degradados inspirados en el atardecer, acompa\u00f1ados de detalles en blanco y negro. Tiradores de las cremalleras con cuerda. Material escolar incluido: 1 goma de borrar nata\u00ab 320 Sunset rosa, 1 sacapuntas AFILA, 1 l\u00e1piz de grafito HB, 3 bol\u00edgrafos CAPSULE (verde, nergo y rojo), 1 regla triangular de 15 cm, 12 l\u00e1pices de colores triangulares, 6 l\u00e1pices de colores metalizados de madera negra, 5 evidenciadores fluorescentes, 1 tijeras Basic y 18 rotuladores de punta c\u00f3nica. Tejido posterior \u00b4ripstop\u00b4: ligero y resistente a la rotura y rasgaduras. Utiliza una t\u00e9cnica especial que teje hilos gruesos de refuerzo a intervalos regulares en un patr\u00f3n entrecruzado. Composici\u00f3n tejido: exterior y forro interior de poli\u00e9ster. Medidas: 19,5 x 13 x 7,5 cm.<\/div>\n<div class=\"botoneraSinopsis\"><\/div>","protected":false},"excerpt":{"rendered":"<p><audio class=\"audio-for-speech\"><\/audio><\/p>\n<div class=\"translate-tooltip-mtz translator-hidden\">\n<div class=\"header\">\n<div class=\"header-controls\">Translator<\/div>\n<div class=\"header-controls\"><\/div>\n<div class=\"header-controls\"><\/div>\n<\/div>\n<div class=\"translated-text\">\n<div class=\"words\"><\/div>\n<div class=\"sentences\"><\/div>\n<\/div>\n<\/div>\n<p>&nbsp;<\/p>\n<p>&nbsp;<\/p>","protected":false},"featured_media":377,"comment_status":"open","ping_status":"closed","template":"","meta":[],"product_brand":[],"product_cat":[104,111],"product_tag":[],"class_list":{"0":"post-376","1":"product","2":"type-product","3":"status-publish","4":"has-post-thumbnail","6":"product_cat-material-escolar","7":"product_cat-milan","9":"first","10":"instock","11":"shipping-taxable","12":"purchasable","13":"product-type-simple"},"_links":{"self":[{"href":"https:\/\/libreriamardenubes.com\/en\/wp-json\/wp\/v2\/product\/376"}],"collection":[{"href":"https:\/\/libreriamardenubes.com\/en\/wp-json\/wp\/v2\/product"}],"about":[{"href":"https:\/\/libreriamardenubes.com\/en\/wp-json\/wp\/v2\/types\/product"}],"replies":[{"embeddable":true,"href":"https:\/\/libreriamardenubes.com\/en\/wp-json\/wp\/v2\/comments?post=376"}],"wp:featuredmedia":[{"embeddable":true,"href":"https:\/\/libreriamardenubes.com\/en\/wp-json\/wp\/v2\/media\/377"}],"wp:attachment":[{"href":"https:\/\/libreriamardenubes.com\/en\/wp-json\/wp\/v2\/media?parent=376"}],"wp:term":[{"taxonomy":"product_brand","embeddable":true,"href":"https:\/\/libreriamardenubes.com\/en\/wp-json\/wp\/v2\/product_brand?post=376"},{"taxonomy":"product_cat","embeddable":true,"href":"https:\/\/libreriamardenubes.com\/en\/wp-json\/wp\/v2\/product_cat?post=376"},{"taxonomy":"product_tag","embeddable":true,"href":"https:\/\/libreriamardenubes.com\/en\/wp-json\/wp\/v2\/product_tag?post=376"}],"curies":[{"name":"wp","href":"https:\/\/api.w.org\/{rel}","templated":true}]}}