{"id":445,"date":"2024-08-15T10:47:22","date_gmt":"2024-08-15T10:47:22","guid":{"rendered":"https:\/\/libreriamardenubes.com\/?post_type=product&#038;p=445"},"modified":"2024-08-16T16:46:03","modified_gmt":"2024-08-16T16:46:03","slug":"el-pequeno-libro-del-tren","status":"publish","type":"product","link":"https:\/\/libreriamardenubes.com\/en\/product\/el-pequeno-libro-del-tren\/","title":{"rendered":"El peque\u00f1o libro del tren"},"content":{"rendered":"<p>Descubre los trenes con este libro interactivo para beb\u00e9s con el que podr\u00e1n realizar una serie de acciones como encender los faros del tren, validar un billete o hacer avanzar los vagones gracias a sus cinco mecanismos aptos para manos peque\u00f1as, perfectos para desarrollar la psicomotricidad fina. Las ilustraciones coloridas de Nathalie Choux muestran escenas para que las criaturas empiecen a familiarizarse con este transporte. Cuenta la historia de un viaje en tren para encontrarse con los abuelos, que esperan en el and\u00e9n de la estaci\u00f3n. Un libro ideal para aprender vocabulario con animaciones que empiezan desde la cubierta. Elaborado en cart\u00f3n resistente para que puedan usarlo de forma aut\u00f3noma una y otra vez. Recomendado a partir de 6 meses. Ilustrado por Nathalie Choux. T\u00edtulos de la colecci\u00f3n El peque\u00f1o libro de: El gran libro de las primeras palabras El peque\u00f1o libro de las formas El peque\u00f1o libro de los sentidos El peque\u00f1o libro de mi cumplea\u00f1os El peque\u00f1o libro de ir al m\u00e9dico El peque\u00f1o libro para ir a dormir El peque\u00f1o libro de la granja El peque\u00f1o libro de los colores El peque\u00f1o libro de los animalitos El peque\u00f1o libro de los contrarios El peque\u00f1o libro de las frutas El peque\u00f1o libro de la ropa El peque\u00f1o libro de los veh\u00edculos El peque\u00f1o libro de la noche El peque\u00f1o libro de los bichos El peque\u00f1o libro de las estaciones El peque\u00f1o libro del mar El peque\u00f1o libro de los animales salvajes El peque\u00f1o libro de la guarder\u00eda El peque\u00f1o libro de los bomberos El peque\u00f1o libro de los animales de compa\u00f1\u00eda El peque\u00f1o libro de la casa El peque\u00f1o libro del tren \u00bfD\u00f3nde est\u00e1n los animalitos \u00bfD\u00f3nde est\u00e1n los colores \u00bfD\u00f3nde est\u00e1n los veh\u00edculos<\/p>","protected":false},"excerpt":{"rendered":"<p>Descubre los trenes con este libro interactivo para beb\u00e9s con el que podr\u00e1n realizar una serie de acciones como encender los faros del tren, validar un billete o hacer avanzar los vagones gracias a sus cinco mecanismos aptos para manos peque\u00f1as, perfectos para desarrollar la psicomotricidad fina. Las ilustraciones coloridas de Nathalie Choux muestran escenas [&hellip;]<\/p>","protected":false},"featured_media":446,"comment_status":"open","ping_status":"closed","template":"","meta":[],"product_brand":[],"product_cat":[48,47,21,23,20],"product_tag":[],"class_list":{"0":"post-445","1":"product","2":"type-product","3":"status-publish","4":"has-post-thumbnail","6":"product_cat-0-3","7":"product_cat-edad","8":"product_cat-infantil","9":"product_cat-interactivos","10":"product_cat-libros","12":"first","13":"instock","14":"shipping-taxable","15":"purchasable","16":"product-type-simple"},"_links":{"self":[{"href":"https:\/\/libreriamardenubes.com\/en\/wp-json\/wp\/v2\/product\/445"}],"collection":[{"href":"https:\/\/libreriamardenubes.com\/en\/wp-json\/wp\/v2\/product"}],"about":[{"href":"https:\/\/libreriamardenubes.com\/en\/wp-json\/wp\/v2\/types\/product"}],"replies":[{"embeddable":true,"href":"https:\/\/libreriamardenubes.com\/en\/wp-json\/wp\/v2\/comments?post=445"}],"wp:featuredmedia":[{"embeddable":true,"href":"https:\/\/libreriamardenubes.com\/en\/wp-json\/wp\/v2\/media\/446"}],"wp:attachment":[{"href":"https:\/\/libreriamardenubes.com\/en\/wp-json\/wp\/v2\/media?parent=445"}],"wp:term":[{"taxonomy":"product_brand","embeddable":true,"href":"https:\/\/libreriamardenubes.com\/en\/wp-json\/wp\/v2\/product_brand?post=445"},{"taxonomy":"product_cat","embeddable":true,"href":"https:\/\/libreriamardenubes.com\/en\/wp-json\/wp\/v2\/product_cat?post=445"},{"taxonomy":"product_tag","embeddable":true,"href":"https:\/\/libreriamardenubes.com\/en\/wp-json\/wp\/v2\/product_tag?post=445"}],"curies":[{"name":"wp","href":"https:\/\/api.w.org\/{rel}","templated":true}]}}